{"id":146,"date":"2017-11-20T22:08:44","date_gmt":"2017-11-20T21:08:44","guid":{"rendered":"http:\/\/druen.org\/index_wp.php\/?page_id=146"},"modified":"2025-03-22T21:51:20","modified_gmt":"2025-03-22T20:51:20","slug":"hestia-front","status":"publish","type":"page","link":"https:\/\/druen.org\/","title":{"rendered":"Vinklubben Druen"},"content":{"rendered":"<p>Vinklubben Druen er en vinklubb som har 91 medlemmer fra T\u00f8nsberg og omegn. Vi har faste medlemsm\u00f8ter hver m\u00e5ned.<\/p>\n<p>Les mer om v\u00e5re aktiviteter under <a href=\"https:\/\/druen.org\/?page_id=431\">m\u00f8teplaner <\/a> eller se gjerne gjennom bilder fra v\u00e5re vinturer i v\u00e5rt bildegalleri.<\/p>\n","protected":false},"excerpt":{"rendered":"<p>Vinklubben Druen er en vinklubb som har 91 medlemmer fra T\u00f8nsberg og omegn. Vi har faste medlemsm\u00f8ter hver m\u00e5ned. Les mer om v\u00e5re aktiviteter under m\u00f8teplaner eller se gjerne gjennom bilder fra v\u00e5re vinturer i v\u00e5rt bildegalleri.<\/p>\n","protected":false},"author":1,"featured_media":0,"parent":0,"menu_order":0,"comment_status":"closed","ping_status":"closed","template":"page-templates\/template-fullwidth.php","meta":{"footnotes":""},"class_list":["post-146","page","type-page","status-publish","hentry"],"_links":{"self":[{"href":"https:\/\/druen.org\/index.php?rest_route=\/wp\/v2\/pages\/146","targetHints":{"allow":["GET"]}}],"collection":[{"href":"https:\/\/druen.org\/index.php?rest_route=\/wp\/v2\/pages"}],"about":[{"href":"https:\/\/druen.org\/index.php?rest_route=\/wp\/v2\/types\/page"}],"author":[{"embeddable":true,"href":"https:\/\/druen.org\/index.php?rest_route=\/wp\/v2\/users\/1"}],"replies":[{"embeddable":true,"href":"https:\/\/druen.org\/index.php?rest_route=%2Fwp%2Fv2%2Fcomments&post=146"}],"version-history":[{"count":10,"href":"https:\/\/druen.org\/index.php?rest_route=\/wp\/v2\/pages\/146\/revisions"}],"predecessor-version":[{"id":448,"href":"https:\/\/druen.org\/index.php?rest_route=\/wp\/v2\/pages\/146\/revisions\/448"}],"wp:attachment":[{"href":"https:\/\/druen.org\/index.php?rest_route=%2Fwp%2Fv2%2Fmedia&parent=146"}],"curies":[{"name":"wp","href":"https:\/\/api.w.org\/{rel}","templated":true}]}}