{"id":190,"date":"2017-12-23T21:14:53","date_gmt":"2017-12-23T20:14:53","guid":{"rendered":"http:\/\/druen.org\/index_wp.php\/?page_id=190"},"modified":"2025-02-11T17:33:34","modified_gmt":"2025-02-11T16:33:34","slug":"vedtekter","status":"publish","type":"page","link":"https:\/\/druen.org\/?page_id=190","title":{"rendered":"Vedtekter"},"content":{"rendered":"<p><strong>Vedtekter for VINKLUBBEN DRUEN. <\/strong>Oppdatert etter \u00e5rsm\u00f8tet 6\/2-2025<br \/>\n<em>Stiftet 3. desember 1990.<\/em><\/p>\n<p><strong>\u00a71\u00a0<\/strong><br \/>\nKlubbens navn er \u00abVINKLUBBEN DRUEN\u00bb.<\/p>\n<p>Den har som form\u00e5l \u00e5 \u00f8ke og stimulere medlemmenes kunnskaper om vin, og \u00e5 spre kunnskap om vin og vinkultur lokalt.<\/p>\n<p><strong>\u00a72\u00a0<\/strong><br \/>\nS\u00f8knad om medlemskap sendes styrets leder og sekret\u00e6r for godkjenning.<br \/>\nKlubbens medlemstall begrenses til ca. 90 medlemmer. Med ca. menes +\/- 1 (enkeltperson\/par) dvs. begrenset til 91 medlemmer. Bare enkeltpersoner kan v\u00e6re medlemmer i klubben.<\/p>\n<p>\u00c6resmedlemmer kommer i tillegg.<\/p>\n<p><strong>\u00a73\u00a0<\/strong><br \/>\nStyret skal forest\u00e5 klubbens drift og innkalle til klubbens \u00e5rsm\u00f8te.<br \/>\nKlubben arrangerer m\u00e5nedlige m\u00f8ter for medlemmene. Etter vedtak kan enkelte m\u00f8ter ogs\u00e5 arrangeres som \u00e5pne m\u00f8ter hvor medlemmene inviterer utenforst\u00e5ende med.<br \/>\nFor hvert halv\u00e5r lager styret en oversikt over planlagte m\u00f8ter. M\u00f8tene delfinansieres ved at det tas vinpenger p\u00e5 hvert m\u00f8te.<\/p>\n<p><strong>\u00a74\u00a0<\/strong><br \/>\nMedlemskontingenten fastsettes av \u00e5rsm\u00f8tet etter innstilling fra styret. Nye medlemmer som opptas etter 01.09 skal betale halv kontingent i opptaks\u00e5ret. Hvis ikke kontingenten er betalt innen \u00e9n m\u00e5ned etter forfall har styret anledning til \u00e5 stryke medlemskapet. Det samme gjelder dersom nye medlemmer ikke har m\u00f8tt p\u00e5 noen av klubbens m\u00f8ter i l\u00f8pet av det f\u00f8rste \u00e5ret etter opptak.<\/p>\n<p><strong>\u00a75\u00a0<\/strong><br \/>\n\u00c5rsm\u00f8te avholdes innen utgangen av februar m\u00e5ned.<br \/>\nSaker som skal behandles m\u00e5 v\u00e6re styret i hende innen fire uker f\u00f8r \u00e5rsm\u00f8tet.<\/p>\n<p><em>\u00c5rsm\u00f8tet skal behandle:<\/em><\/p>\n<ul>\n<li>Styrets \u00e5rsberetning<\/li>\n<li>Styrets regnskap<\/li>\n<li>Fastsette kontingent<\/li>\n<li>Budsjett<\/li>\n<li>Saker fremmet av styret eller enkeltmedlem<\/li>\n<li>Valg av:\n<ul>\n<li>Formann<\/li>\n<li>4 styremedlemmer<\/li>\n<li>Revisor<\/li>\n<li>2 medlemmer til valgkomit\u00e9<\/li>\n<\/ul>\n<\/li>\n<\/ul>\n<p>Styremedlemmene velges for en periode p\u00e5 to \u00e5r, de \u00f8vrige for ett \u00e5r.<br \/>\nStyret konstituerer seg selv.<br \/>\nFor endringer i klubbens vedtekter kreves 2\/3 av de fremm\u00f8tte stemmer.<\/p>\n<p><strong>\u00a76\u00a0<\/strong><br \/>\nKlubbens signatur innehas av styrets leder og et styremedlem i fellesskap.<br \/>\nKlubbens kasserer har prokura.<\/p>\n<p>Revisjonshistorie etter 2010:<\/p>\n<table width=\"822\" height=\"593\">\n<tbody>\n<tr>\n<td width=\"113\"><strong>Dato<\/strong><\/td>\n<td width=\"57\"><strong>\u00a7<\/strong><\/td>\n<td width=\"434\"><strong>Endringen gjelder<\/strong><\/td>\n<\/tr>\n<tr>\n<td width=\"113\">4\/2-2010<\/td>\n<td width=\"57\">4<\/td>\n<td width=\"434\">Medlemskap strykes v manglende betaling\/manglende oppm\u00f8te<\/td>\n<\/tr>\n<tr>\n<td width=\"113\">3\/2-2011<\/td>\n<td width=\"57\">6<\/td>\n<td width=\"434\">Tilf\u00f8yelse vedr\u00f8rende signatur og prokura<\/td>\n<\/tr>\n<tr>\n<td width=\"113\">2\/2-2012<\/td>\n<td width=\"57\">4<\/td>\n<td width=\"434\">Halv kontingent f\u00f8rste \u00e5r for medlemmer som opptas etter 1\/9<\/td>\n<\/tr>\n<tr>\n<td width=\"113\">5\/2-2015<\/td>\n<td width=\"57\">2 og 5<\/td>\n<td width=\"434\">Medlemstall \u00f8kes til 85. \u00a75: Reisekomit\u00e9 skal velges p\u00e5 \u00e5rsm\u00f8tet<\/td>\n<\/tr>\n<tr>\n<td width=\"113\">7\/4-2022<\/td>\n<td width=\"57\">2<\/td>\n<td width=\"434\">Antall medlemmer \u00f8kes til ca. 90, +\/- 1 ved ektefelle\/samboer<\/td>\n<\/tr>\n<\/tbody>\n<\/table>\n","protected":false},"excerpt":{"rendered":"<p>Vedtekter for VINKLUBBEN DRUEN. Oppdatert etter \u00e5rsm\u00f8tet 6\/2-2025 Stiftet 3. desember 1990. \u00a71\u00a0 Klubbens navn er \u00abVINKLUBBEN DRUEN\u00bb. Den har som form\u00e5l \u00e5 \u00f8ke og stimulere medlemmenes kunnskaper om vin, og \u00e5 spre kunnskap om vin og vinkultur lokalt. \u00a72\u00a0 S\u00f8knad om medlemskap sendes styrets leder og sekret\u00e6r for godkjenning. Klubbens medlemstall begrenses til ca. &hellip; <\/p>\n<p class=\"link-more\"><a href=\"https:\/\/druen.org\/?page_id=190\" class=\"more-link\">Fortsett \u00e5 lese<span class=\"screen-reader-text\"> \u00abVedtekter\u00bb<\/span><\/a><\/p>\n","protected":false},"author":1,"featured_media":0,"parent":0,"menu_order":0,"comment_status":"closed","ping_status":"closed","template":"page-templates\/template-fullwidth.php","meta":{"footnotes":""},"class_list":["post-190","page","type-page","status-publish","hentry"],"_links":{"self":[{"href":"https:\/\/druen.org\/index.php?rest_route=\/wp\/v2\/pages\/190","targetHints":{"allow":["GET"]}}],"collection":[{"href":"https:\/\/druen.org\/index.php?rest_route=\/wp\/v2\/pages"}],"about":[{"href":"https:\/\/druen.org\/index.php?rest_route=\/wp\/v2\/types\/page"}],"author":[{"embeddable":true,"href":"https:\/\/druen.org\/index.php?rest_route=\/wp\/v2\/users\/1"}],"replies":[{"embeddable":true,"href":"https:\/\/druen.org\/index.php?rest_route=%2Fwp%2Fv2%2Fcomments&post=190"}],"version-history":[{"count":4,"href":"https:\/\/druen.org\/index.php?rest_route=\/wp\/v2\/pages\/190\/revisions"}],"predecessor-version":[{"id":440,"href":"https:\/\/druen.org\/index.php?rest_route=\/wp\/v2\/pages\/190\/revisions\/440"}],"wp:attachment":[{"href":"https:\/\/druen.org\/index.php?rest_route=%2Fwp%2Fv2%2Fmedia&parent=190"}],"curies":[{"name":"wp","href":"https:\/\/api.w.org\/{rel}","templated":true}]}}