{"id":312,"date":"2019-12-08T21:38:11","date_gmt":"2019-12-08T20:38:11","guid":{"rendered":"http:\/\/druen.org\/index_wp.php\/?page_id=312"},"modified":"2025-03-22T21:48:15","modified_gmt":"2025-03-22T20:48:15","slug":"soknadsskjema","status":"publish","type":"page","link":"https:\/\/druen.org\/?page_id=312","title":{"rendered":"S\u00f8knadsskjema"},"content":{"rendered":"\n<p>Her kan du laste ned <a href=\"https:\/\/druen.org\/wp-content\/uploads\/2019\/12\/Druen-s\u00f8knad-om-medlemskap.doc\">s\u00f8k<\/a><a href=\"https:\/\/druen.org\/wp-content\/uploads\/2025\/03\/Soknadsskjema-vinklubben-druen.pdf\" data-type=\"URL\" data-id=\"https:\/\/druen.org\/wp-content\/uploads\/2025\/03\/Soknadsskjema-vinklubben-druen.pdf\" target=\"_blank\" rel=\"noreferrer noopener\">nadsskjema<\/a> for \u00e5 s\u00f8ke om medlemskap. <\/p>\n","protected":false},"excerpt":{"rendered":"<p>Her kan du laste ned s\u00f8knadsskjema for \u00e5 s\u00f8ke om medlemskap.<\/p>\n","protected":false},"author":1,"featured_media":0,"parent":0,"menu_order":0,"comment_status":"closed","ping_status":"closed","template":"page-templates\/template-fullwidth.php","meta":{"footnotes":""},"class_list":["post-312","page","type-page","status-publish","hentry"],"_links":{"self":[{"href":"https:\/\/druen.org\/index.php?rest_route=\/wp\/v2\/pages\/312","targetHints":{"allow":["GET"]}}],"collection":[{"href":"https:\/\/druen.org\/index.php?rest_route=\/wp\/v2\/pages"}],"about":[{"href":"https:\/\/druen.org\/index.php?rest_route=\/wp\/v2\/types\/page"}],"author":[{"embeddable":true,"href":"https:\/\/druen.org\/index.php?rest_route=\/wp\/v2\/users\/1"}],"replies":[{"embeddable":true,"href":"https:\/\/druen.org\/index.php?rest_route=%2Fwp%2Fv2%2Fcomments&post=312"}],"version-history":[{"count":3,"href":"https:\/\/druen.org\/index.php?rest_route=\/wp\/v2\/pages\/312\/revisions"}],"predecessor-version":[{"id":445,"href":"https:\/\/druen.org\/index.php?rest_route=\/wp\/v2\/pages\/312\/revisions\/445"}],"wp:attachment":[{"href":"https:\/\/druen.org\/index.php?rest_route=%2Fwp%2Fv2%2Fmedia&parent=312"}],"curies":[{"name":"wp","href":"https:\/\/api.w.org\/{rel}","templated":true}]}}