{"id":605,"date":"2026-05-04T17:29:53","date_gmt":"2026-05-04T16:29:53","guid":{"rendered":"https:\/\/druen.org\/?page_id=605"},"modified":"2026-05-04T19:57:36","modified_gmt":"2026-05-04T18:57:36","slug":"soknad-om-medlemskap","status":"publish","type":"page","link":"https:\/\/druen.org\/?page_id=605","title":{"rendered":"S\u00f8knad om medlemskap"},"content":{"rendered":"\n<div class=\"wp-block-media-text is-stacked-on-mobile\" style=\"grid-template-columns:37% auto\"><figure class=\"wp-block-media-text__media\"><img loading=\"lazy\" decoding=\"async\" width=\"302\" height=\"250\" src=\"https:\/\/druen.org\/wp-content\/uploads\/2026\/04\/cropped-cropped-vinklubben_druen_logo-wp-2-300x300Asset-6.png\" alt=\"\" class=\"wp-image-485 size-full\" srcset=\"https:\/\/druen.org\/wp-content\/uploads\/2026\/04\/cropped-cropped-vinklubben_druen_logo-wp-2-300x300Asset-6.png 302w, https:\/\/druen.org\/wp-content\/uploads\/2026\/04\/cropped-cropped-vinklubben_druen_logo-wp-2-300x300Asset-6-300x248.png 300w\" sizes=\"auto, (max-width: 302px) 100vw, 302px\" \/><\/figure><div class=\"wp-block-media-text__content\">\n<p class=\"has-text-align-center has-black-color has-text-color has-link-color has-medium-font-size wp-elements-1bf633faea86516833465fa76f0e086b\" style=\"font-style:normal;font-weight:700;line-height:0.5\">S\u00f8knad om medlemskap <\/p>\n\n\n\n<p class=\"has-text-align-center has-black-color has-text-color has-link-color has-medium-font-size wp-elements-61c350fabff4055754b966ea179d5432\" style=\"font-style:normal;font-weight:700;line-height:0.5\">i<\/p>\n\n\n\n<p class=\"has-text-align-center has-black-color has-text-color has-link-color has-medium-font-size wp-elements-3e9ca70764bfa2581bf7c4ecbe41d785\" style=\"font-style:normal;font-weight:700;line-height:0.5\">VINKLUBBEN DRUEN<\/p>\n<\/div><\/div>\n\n\n\n<div class=\"wp-block-columns is-layout-flex wp-container-core-columns-is-layout-9d6595d7 wp-block-columns-is-layout-flex\">\n<div class=\"wp-block-column is-layout-flow wp-block-column-is-layout-flow\">\n<p>\u00d8nsker du \u00e5 bli medlem i Vinklubben Druen kan du enten sende inn skjema elektronisk her p\u00e5 nettsiden v\u00e5r, eller du kan laste ned skjema som pdf- dokument og sende p\u00e5 denne e-posten: <a href=\"mailto:post@druen.org\">post@druen.org<\/a> <\/p>\n\n\n\n<div class=\"wp-block-buttons is-content-justification-center is-layout-flex wp-container-core-buttons-is-layout-16018d1d wp-block-buttons-is-layout-flex\">\n<div class=\"wp-block-button\"><a class=\"wp-block-button__link wp-element-button\" href=\"https:\/\/druen.org\/wp-content\/uploads\/2025\/03\/Soknadsskjema-vinklubben-druen.pdf\">S\u00f8knadskjema som pdf-dokument<\/a><\/div>\n<\/div>\n<\/div>\n<\/div>\n\n\n\n<h3 class=\"wp-block-heading\"><strong>Elektronisk s\u00f8knadskjema<\/strong><\/h3>\n\n\n<style id=\"wpforms-css-vars-607-block-13ee7c71-556d-45c3-854a-07ee6dae56a2\">\n\t\t\t\t#wpforms-607.wpforms-block-13ee7c71-556d-45c3-854a-07ee6dae56a2 {\n\t\t\t\t--wpforms-field-size-input-height: 43px;\n--wpforms-field-size-input-spacing: 15px;\n--wpforms-field-size-font-size: 16px;\n--wpforms-field-size-line-height: 19px;\n--wpforms-field-size-padding-h: 14px;\n--wpforms-field-size-checkbox-size: 16px;\n--wpforms-field-size-sublabel-spacing: 5px;\n--wpforms-field-size-icon-size: 1;\n--wpforms-label-size-font-size: 16px;\n--wpforms-label-size-line-height: 19px;\n--wpforms-label-size-sublabel-font-size: 14px;\n--wpforms-label-size-sublabel-line-height: 17px;\n--wpforms-button-size-font-size: 17px;\n--wpforms-button-size-height: 41px;\n--wpforms-button-size-padding-h: 15px;\n--wpforms-button-size-margin-top: 10px;\n\t\t\t}\n\t\t\t<\/style><div class=\"wpforms-container wpforms-container-full wpforms-block wpforms-block-13ee7c71-556d-45c3-854a-07ee6dae56a2 wpforms-render-modern\" id=\"wpforms-607\"><form id=\"wpforms-form-607\" class=\"wpforms-validate wpforms-form wpforms-ajax-form\" data-formid=\"607\" method=\"post\" enctype=\"multipart\/form-data\" action=\"\/index.php?rest_route=%2Fwp%2Fv2%2Fpages%2F605\" data-token=\"b97a62041c4c1c4fc731c5b593f3ed63\" data-token-time=\"1777984582\"><noscript class=\"wpforms-error-noscript\">Please enable JavaScript in your browser to complete this form.<\/noscript><div id=\"wpforms-error-noscript\" style=\"display: none;\">Please enable JavaScript in your browser to complete this form.<\/div><div class=\"wpforms-field-container\">\t\t<div id=\"wpforms-607-field_1-container\"\n\t\t\tclass=\"wpforms-field wpforms-field-text\"\n\t\t\tdata-field-type=\"text\"\n\t\t\tdata-field-id=\"1\"\n\t\t\t>\n\t\t\t<label class=\"wpforms-field-label\" for=\"wpforms-607-field_1\" >Dato: Noen Mobiltelefon<\/label>\n\t\t\t<input type=\"text\" id=\"wpforms-607-field_1\" class=\"wpforms-field-medium\" name=\"wpforms[fields][1]\" >\n\t\t<\/div>\n\t\t<div id=\"wpforms-607-field_5-container\" class=\"wpforms-field wpforms-field-name\" data-field-id=\"5\"><fieldset><legend class=\"wpforms-field-label\">Navn: <span class=\"wpforms-required-label\" aria-hidden=\"true\">*<\/span><\/legend><div class=\"wpforms-field-row wpforms-field-large\"><div class=\"wpforms-field-row-block wpforms-first wpforms-two-fifths\"><input type=\"text\" id=\"wpforms-607-field_5\" class=\"wpforms-field-name-first wpforms-field-required\" name=\"wpforms[fields][5][first]\" aria-errormessage=\"wpforms-607-field_5-error\" required><label for=\"wpforms-607-field_5\" class=\"wpforms-field-sublabel after\">First<\/label><\/div><div class=\"wpforms-field-row-block wpforms-one-fifth\"><input type=\"text\" id=\"wpforms-607-field_5-middle\" class=\"wpforms-field-name-middle\" name=\"wpforms[fields][5][middle]\" aria-errormessage=\"wpforms-607-field_5-middle-error\" ><label for=\"wpforms-607-field_5-middle\" class=\"wpforms-field-sublabel after\">Middle<\/label><\/div><div class=\"wpforms-field-row-block wpforms-two-fifths\"><input type=\"text\" id=\"wpforms-607-field_5-last\" class=\"wpforms-field-name-last wpforms-field-required\" name=\"wpforms[fields][5][last]\" aria-errormessage=\"wpforms-607-field_5-last-error\" required><label for=\"wpforms-607-field_5-last\" class=\"wpforms-field-sublabel after\">Last<\/label><\/div><\/div><\/fieldset><\/div><div id=\"wpforms-607-field_12-container\" class=\"wpforms-field wpforms-field-text\" data-field-id=\"12\"><label class=\"wpforms-field-label\" for=\"wpforms-607-field_12\">Mobiltelefon nummer: <span class=\"wpforms-required-label\" aria-hidden=\"true\">*<\/span><\/label><input type=\"text\" id=\"wpforms-607-field_12\" class=\"wpforms-field-medium wpforms-field-required wpforms-masked-input\" data-rule-inputmask-incomplete=\"1\" data-inputmask-mask=\"+(47) 99 99 99 99\" name=\"wpforms[fields][12]\" aria-errormessage=\"wpforms-607-field_12-error\" required><\/div><div id=\"wpforms-607-field_13-container\" class=\"wpforms-field wpforms-field-email\" data-field-id=\"13\"><label class=\"wpforms-field-label\" for=\"wpforms-607-field_13\">E-post adresse: <span class=\"wpforms-required-label\" aria-hidden=\"true\">*<\/span><\/label><input type=\"email\" id=\"wpforms-607-field_13\" class=\"wpforms-field-medium wpforms-field-required\" name=\"wpforms[fields][13]\" spellcheck=\"false\" aria-errormessage=\"wpforms-607-field_13-error\" required><\/div><div id=\"wpforms-607-field_7-container\" class=\"wpforms-field wpforms-field-textarea\" data-field-id=\"7\"><label class=\"wpforms-field-label\" for=\"wpforms-607-field_7\">Noen ord om mitt forhold til og interesse for vin, og hvorforjeg s\u00f8ker medlemskap: <span class=\"wpforms-required-label\" aria-hidden=\"true\">*<\/span><\/label><textarea id=\"wpforms-607-field_7\" class=\"wpforms-field-medium wpforms-field-required\" name=\"wpforms[fields][7]\" aria-errormessage=\"wpforms-607-field_7-error\" required><\/textarea><\/div><div id=\"wpforms-607-field_11-container\" class=\"wpforms-field wpforms-field-text\" data-field-id=\"11\"><label class=\"wpforms-field-label\" for=\"wpforms-607-field_11\">Dato: <span class=\"wpforms-required-label\" aria-hidden=\"true\">*<\/span><\/label><input type=\"text\" id=\"wpforms-607-field_11\" class=\"wpforms-field-small wpforms-field-required wpforms-masked-input\" data-rule-inputmask-incomplete=\"1\" data-inputmask-alias=\"datetime\" data-inputmask-inputformat=\"dd\/mm\/yyyy\" data-inputmask-inputmode=\"numeric\" name=\"wpforms[fields][11]\" aria-errormessage=\"wpforms-607-field_11-error\" aria-describedby=\"wpforms-607-field_11-description\" required><div id=\"wpforms-607-field_11-description\" class=\"wpforms-field-description\">Dato ved innsending.<\/div><\/div><script>\n\t\t\t\t( function() {\n\t\t\t\t\tconst style = document.createElement( 'style' );\n\t\t\t\t\tstyle.appendChild( document.createTextNode( '#wpforms-607-field_1-container { position: absolute !important; overflow: hidden !important; display: inline !important; height: 1px !important; width: 1px !important; z-index: -1000 !important; padding: 0 !important; } #wpforms-607-field_1-container input { visibility: hidden; } #wpforms-conversational-form-page #wpforms-607-field_1-container label { counter-increment: none; }' ) );\n\t\t\t\t\tdocument.head.appendChild( style );\n\t\t\t\t\tdocument.currentScript?.remove();\n\t\t\t\t} )();\n\t\t\t<\/script><\/div><!-- .wpforms-field-container --><div class=\"wpforms-submit-container\" ><input type=\"hidden\" name=\"wpforms[id]\" value=\"607\"><input type=\"hidden\" name=\"page_title\" value=\"\"><input type=\"hidden\" name=\"page_url\" value=\"https:\/\/druen.org\/index.php?rest_route=\/wp\/v2\/pages\/605\"><input type=\"hidden\" name=\"url_referer\" value=\"\"><button type=\"submit\" name=\"wpforms[submit]\" id=\"wpforms-submit-607\" class=\"wpforms-submit\" data-alt-text=\"Sender....\" data-submit-text=\"Send inn s\u00f8knad!\" aria-live=\"assertive\" value=\"wpforms-submit\">Send inn s\u00f8knad!<\/button><img loading=\"lazy\" decoding=\"async\" src=\"https:\/\/druen.org\/wp-content\/plugins\/wpforms-lite\/assets\/images\/submit-spin.svg\" class=\"wpforms-submit-spinner\" style=\"display: none;\" width=\"26\" height=\"26\" alt=\"Loading\"><\/div><\/form><\/div>  <!-- .wpforms-container -->\n\n\n<p>OBS! Vinklubben Druen bekrefter at personopplysningene (navn, mailadresse, mobilnummer) kun vil bli benyttet til intern drift av klubben.<\/p>\n\n\n\n<p><\/p>\n","protected":false},"excerpt":{"rendered":"<p>S\u00f8knad om medlemskap i VINKLUBBEN DRUEN \u00d8nsker du \u00e5 bli medlem i Vinklubben Druen kan du enten sende inn skjema elektronisk her p\u00e5 nettsiden v\u00e5r, eller du kan laste ned skjema som pdf- dokument og sende p\u00e5 denne e-posten: post@druen.org Elektronisk s\u00f8knadskjema OBS! Vinklubben Druen bekrefter at personopplysningene (navn, mailadresse, mobilnummer) kun vil bli benyttet &hellip; <\/p>\n<p class=\"link-more\"><a href=\"https:\/\/druen.org\/?page_id=605\" class=\"more-link\">Fortsett \u00e5 lese<span class=\"screen-reader-text\"> \u00abS\u00f8knad om medlemskap\u00bb<\/span><\/a><\/p>\n","protected":false},"author":2,"featured_media":0,"parent":0,"menu_order":0,"comment_status":"closed","ping_status":"closed","template":"","meta":{"footnotes":""},"class_list":["post-605","page","type-page","status-publish","hentry"],"_links":{"self":[{"href":"https:\/\/druen.org\/index.php?rest_route=\/wp\/v2\/pages\/605","targetHints":{"allow":["GET"]}}],"collection":[{"href":"https:\/\/druen.org\/index.php?rest_route=\/wp\/v2\/pages"}],"about":[{"href":"https:\/\/druen.org\/index.php?rest_route=\/wp\/v2\/types\/page"}],"author":[{"embeddable":true,"href":"https:\/\/druen.org\/index.php?rest_route=\/wp\/v2\/users\/2"}],"replies":[{"embeddable":true,"href":"https:\/\/druen.org\/index.php?rest_route=%2Fwp%2Fv2%2Fcomments&post=605"}],"version-history":[{"count":13,"href":"https:\/\/druen.org\/index.php?rest_route=\/wp\/v2\/pages\/605\/revisions"}],"predecessor-version":[{"id":655,"href":"https:\/\/druen.org\/index.php?rest_route=\/wp\/v2\/pages\/605\/revisions\/655"}],"wp:attachment":[{"href":"https:\/\/druen.org\/index.php?rest_route=%2Fwp%2Fv2%2Fmedia&parent=605"}],"curies":[{"name":"wp","href":"https:\/\/api.w.org\/{rel}","templated":true}]}}