{"id":689,"date":"2026-05-04T22:28:00","date_gmt":"2026-05-04T21:28:00","guid":{"rendered":"https:\/\/druen.org\/?page_id=689"},"modified":"2026-05-04T22:28:13","modified_gmt":"2026-05-04T21:28:13","slug":"vinreisene-har-gatt-til","status":"publish","type":"page","link":"https:\/\/druen.org\/?page_id=689","title":{"rendered":"Vinreisene har g\u00e5tt til:"},"content":{"rendered":"\n<div class=\"wp-block-media-text is-stacked-on-mobile\"><figure class=\"wp-block-media-text__media\"><img loading=\"lazy\" decoding=\"async\" width=\"1024\" height=\"768\" src=\"https:\/\/druen.org\/wp-content\/uploads\/2026\/05\/2018Osterrike-1024x768.jpg\" alt=\"\" class=\"wp-image-691 size-full\" srcset=\"https:\/\/druen.org\/wp-content\/uploads\/2026\/05\/2018Osterrike-1024x768.jpg 1024w, https:\/\/druen.org\/wp-content\/uploads\/2026\/05\/2018Osterrike-300x225.jpg 300w, https:\/\/druen.org\/wp-content\/uploads\/2026\/05\/2018Osterrike-768x576.jpg 768w, https:\/\/druen.org\/wp-content\/uploads\/2026\/05\/2018Osterrike.jpg 1200w\" sizes=\"auto, (max-width: 706px) 89vw, (max-width: 767px) 82vw, 740px\" \/><\/figure><div class=\"wp-block-media-text__content\">\n<p>2018 \u00d8sterrike<\/p>\n<\/div><\/div>\n\n\n\n<div class=\"wp-block-media-text is-stacked-on-mobile\"><figure class=\"wp-block-media-text__media\"><img loading=\"lazy\" decoding=\"async\" width=\"1024\" height=\"768\" src=\"https:\/\/druen.org\/wp-content\/uploads\/2026\/05\/2016Rhone-1024x768.jpg\" alt=\"\" class=\"wp-image-692 size-full\" srcset=\"https:\/\/druen.org\/wp-content\/uploads\/2026\/05\/2016Rhone-1024x768.jpg 1024w, https:\/\/druen.org\/wp-content\/uploads\/2026\/05\/2016Rhone-300x225.jpg 300w, https:\/\/druen.org\/wp-content\/uploads\/2026\/05\/2016Rhone-768x576.jpg 768w, https:\/\/druen.org\/wp-content\/uploads\/2026\/05\/2016Rhone.jpg 1200w\" sizes=\"auto, (max-width: 706px) 89vw, (max-width: 767px) 82vw, 740px\" \/><\/figure><div class=\"wp-block-media-text__content\">\n<p>2016  Rhone<\/p>\n<\/div><\/div>\n\n\n\n<div class=\"wp-block-media-text is-stacked-on-mobile\"><figure class=\"wp-block-media-text__media\"><img loading=\"lazy\" decoding=\"async\" width=\"800\" height=\"600\" src=\"https:\/\/druen.org\/wp-content\/uploads\/2026\/05\/2014Loire.jpg\" alt=\"\" class=\"wp-image-693 size-full\" srcset=\"https:\/\/druen.org\/wp-content\/uploads\/2026\/05\/2014Loire.jpg 800w, https:\/\/druen.org\/wp-content\/uploads\/2026\/05\/2014Loire-300x225.jpg 300w, https:\/\/druen.org\/wp-content\/uploads\/2026\/05\/2014Loire-768x576.jpg 768w\" sizes=\"auto, (max-width: 706px) 89vw, (max-width: 767px) 82vw, 740px\" \/><\/figure><div class=\"wp-block-media-text__content\">\n<p>2014 Loire<\/p>\n<\/div><\/div>\n\n\n\n<div class=\"wp-block-media-text is-stacked-on-mobile\"><figure class=\"wp-block-media-text__media\"><img loading=\"lazy\" decoding=\"async\" width=\"800\" height=\"600\" src=\"https:\/\/druen.org\/wp-content\/uploads\/2026\/05\/2012Piemonte.jpg\" alt=\"\" class=\"wp-image-694 size-full\" srcset=\"https:\/\/druen.org\/wp-content\/uploads\/2026\/05\/2012Piemonte.jpg 800w, https:\/\/druen.org\/wp-content\/uploads\/2026\/05\/2012Piemonte-300x225.jpg 300w, https:\/\/druen.org\/wp-content\/uploads\/2026\/05\/2012Piemonte-768x576.jpg 768w\" sizes=\"auto, (max-width: 706px) 89vw, (max-width: 767px) 82vw, 740px\" \/><\/figure><div class=\"wp-block-media-text__content\">\n<p>2012 Piemonte<\/p>\n<\/div><\/div>\n\n\n\n<div class=\"wp-block-media-text is-stacked-on-mobile\"><figure class=\"wp-block-media-text__media\"><img loading=\"lazy\" decoding=\"async\" width=\"800\" height=\"600\" src=\"https:\/\/druen.org\/wp-content\/uploads\/2026\/05\/2010Frankrike.jpg\" alt=\"\" class=\"wp-image-695 size-full\" srcset=\"https:\/\/druen.org\/wp-content\/uploads\/2026\/05\/2010Frankrike.jpg 800w, https:\/\/druen.org\/wp-content\/uploads\/2026\/05\/2010Frankrike-300x225.jpg 300w, https:\/\/druen.org\/wp-content\/uploads\/2026\/05\/2010Frankrike-768x576.jpg 768w\" sizes=\"auto, (max-width: 706px) 89vw, (max-width: 767px) 82vw, 740px\" \/><\/figure><div class=\"wp-block-media-text__content\">\n<p>2010 Frankrike<\/p>\n<\/div><\/div>\n\n\n\n<div class=\"wp-block-media-text is-stacked-on-mobile\"><figure class=\"wp-block-media-text__media\"><img loading=\"lazy\" decoding=\"async\" width=\"666\" height=\"500\" src=\"https:\/\/druen.org\/wp-content\/uploads\/2026\/05\/2008Osterrike.jpg\" alt=\"\" class=\"wp-image-696 size-full\" srcset=\"https:\/\/druen.org\/wp-content\/uploads\/2026\/05\/2008Osterrike.jpg 666w, https:\/\/druen.org\/wp-content\/uploads\/2026\/05\/2008Osterrike-300x225.jpg 300w\" sizes=\"auto, (max-width: 666px) 100vw, 666px\" \/><\/figure><div class=\"wp-block-media-text__content\">\n<p>2008 \u00d8sterrike<\/p>\n<\/div><\/div>\n\n\n\n<div class=\"wp-block-media-text is-stacked-on-mobile\"><figure class=\"wp-block-media-text__media\"><img loading=\"lazy\" decoding=\"async\" width=\"550\" height=\"412\" src=\"https:\/\/druen.org\/wp-content\/uploads\/2026\/05\/2006Veneto.jpg\" alt=\"\" class=\"wp-image-697 size-full\" srcset=\"https:\/\/druen.org\/wp-content\/uploads\/2026\/05\/2006Veneto.jpg 550w, https:\/\/druen.org\/wp-content\/uploads\/2026\/05\/2006Veneto-300x225.jpg 300w\" sizes=\"auto, (max-width: 550px) 100vw, 550px\" \/><\/figure><div class=\"wp-block-media-text__content\">\n<p>2006 Veneto<\/p>\n<\/div><\/div>\n\n\n\n<div class=\"wp-block-media-text is-stacked-on-mobile\"><figure class=\"wp-block-media-text__media\"><img loading=\"lazy\" decoding=\"async\" width=\"500\" height=\"375\" src=\"https:\/\/druen.org\/wp-content\/uploads\/2026\/05\/2004Spania.jpg\" alt=\"\" class=\"wp-image-698 size-full\" srcset=\"https:\/\/druen.org\/wp-content\/uploads\/2026\/05\/2004Spania.jpg 500w, https:\/\/druen.org\/wp-content\/uploads\/2026\/05\/2004Spania-300x225.jpg 300w\" sizes=\"auto, (max-width: 500px) 100vw, 500px\" \/><\/figure><div class=\"wp-block-media-text__content\">\n<p>2004 Spania<\/p>\n<\/div><\/div>\n\n\n\n<div class=\"wp-block-media-text is-stacked-on-mobile\"><figure class=\"wp-block-media-text__media\"><img loading=\"lazy\" decoding=\"async\" width=\"341\" height=\"450\" src=\"https:\/\/druen.org\/wp-content\/uploads\/2026\/05\/2002Alsace.jpg\" alt=\"\" class=\"wp-image-699 size-full\" srcset=\"https:\/\/druen.org\/wp-content\/uploads\/2026\/05\/2002Alsace.jpg 341w, https:\/\/druen.org\/wp-content\/uploads\/2026\/05\/2002Alsace-227x300.jpg 227w\" sizes=\"auto, (max-width: 341px) 100vw, 341px\" \/><\/figure><div class=\"wp-block-media-text__content\">\n<p>2002 Alsace<\/p>\n<\/div><\/div>\n\n\n\n<div class=\"wp-block-media-text is-stacked-on-mobile\"><figure class=\"wp-block-media-text__media\"><img loading=\"lazy\" decoding=\"async\" width=\"475\" height=\"285\" src=\"https:\/\/druen.org\/wp-content\/uploads\/2026\/05\/2000Italia.jpg\" alt=\"\" class=\"wp-image-700 size-full\" srcset=\"https:\/\/druen.org\/wp-content\/uploads\/2026\/05\/2000Italia.jpg 475w, https:\/\/druen.org\/wp-content\/uploads\/2026\/05\/2000Italia-300x180.jpg 300w\" sizes=\"auto, (max-width: 475px) 100vw, 475px\" \/><\/figure><div class=\"wp-block-media-text__content\">\n<p>2000 Italia<\/p>\n<\/div><\/div>\n\n\n\n<div class=\"wp-block-media-text is-stacked-on-mobile\"><figure class=\"wp-block-media-text__media\"><img loading=\"lazy\" decoding=\"async\" width=\"500\" height=\"349\" src=\"https:\/\/druen.org\/wp-content\/uploads\/2026\/05\/1999Portugal.jpg\" alt=\"\" class=\"wp-image-701 size-full\" srcset=\"https:\/\/druen.org\/wp-content\/uploads\/2026\/05\/1999Portugal.jpg 500w, https:\/\/druen.org\/wp-content\/uploads\/2026\/05\/1999Portugal-300x209.jpg 300w\" sizes=\"auto, (max-width: 500px) 100vw, 500px\" \/><\/figure><div class=\"wp-block-media-text__content\">\n<p>1999 Portugal<\/p>\n<\/div><\/div>\n\n\n\n<div class=\"wp-block-media-text is-stacked-on-mobile\"><figure class=\"wp-block-media-text__media\"><img loading=\"lazy\" decoding=\"async\" width=\"500\" height=\"351\" src=\"https:\/\/druen.org\/wp-content\/uploads\/2026\/05\/1998Osterrike.jpg\" alt=\"\" class=\"wp-image-702 size-full\" srcset=\"https:\/\/druen.org\/wp-content\/uploads\/2026\/05\/1998Osterrike.jpg 500w, https:\/\/druen.org\/wp-content\/uploads\/2026\/05\/1998Osterrike-300x211.jpg 300w\" sizes=\"auto, (max-width: 500px) 100vw, 500px\" \/><\/figure><div class=\"wp-block-media-text__content\">\n<p>1998 \u00d8sterrike<\/p>\n<\/div><\/div>\n\n\n\n<div class=\"wp-block-media-text is-stacked-on-mobile\"><figure class=\"wp-block-media-text__media\"><img loading=\"lazy\" decoding=\"async\" width=\"356\" height=\"400\" src=\"https:\/\/druen.org\/wp-content\/uploads\/2026\/05\/1995Bordeaux.jpg\" alt=\"\" class=\"wp-image-703 size-full\" srcset=\"https:\/\/druen.org\/wp-content\/uploads\/2026\/05\/1995Bordeaux.jpg 356w, https:\/\/druen.org\/wp-content\/uploads\/2026\/05\/1995Bordeaux-267x300.jpg 267w\" sizes=\"auto, (max-width: 356px) 100vw, 356px\" \/><\/figure><div class=\"wp-block-media-text__content\">\n<p>1995 Bordeaux<\/p>\n<\/div><\/div>\n","protected":false},"excerpt":{"rendered":"<p>2018 \u00d8sterrike 2016 Rhone 2014 Loire 2012 Piemonte 2010 Frankrike 2008 \u00d8sterrike 2006 Veneto 2004 Spania 2002 Alsace 2000 Italia 1999 Portugal 1998 \u00d8sterrike 1995 Bordeaux<\/p>\n","protected":false},"author":2,"featured_media":0,"parent":0,"menu_order":0,"comment_status":"closed","ping_status":"closed","template":"","meta":{"footnotes":""},"class_list":["post-689","page","type-page","status-publish","hentry"],"_links":{"self":[{"href":"https:\/\/druen.org\/index.php?rest_route=\/wp\/v2\/pages\/689","targetHints":{"allow":["GET"]}}],"collection":[{"href":"https:\/\/druen.org\/index.php?rest_route=\/wp\/v2\/pages"}],"about":[{"href":"https:\/\/druen.org\/index.php?rest_route=\/wp\/v2\/types\/page"}],"author":[{"embeddable":true,"href":"https:\/\/druen.org\/index.php?rest_route=\/wp\/v2\/users\/2"}],"replies":[{"embeddable":true,"href":"https:\/\/druen.org\/index.php?rest_route=%2Fwp%2Fv2%2Fcomments&post=689"}],"version-history":[{"count":2,"href":"https:\/\/druen.org\/index.php?rest_route=\/wp\/v2\/pages\/689\/revisions"}],"predecessor-version":[{"id":704,"href":"https:\/\/druen.org\/index.php?rest_route=\/wp\/v2\/pages\/689\/revisions\/704"}],"wp:attachment":[{"href":"https:\/\/druen.org\/index.php?rest_route=%2Fwp%2Fv2%2Fmedia&parent=689"}],"curies":[{"name":"wp","href":"https:\/\/api.w.org\/{rel}","templated":true}]}}